{"id":9269,"date":"2024-05-03T08:25:17","date_gmt":"2024-05-03T08:25:17","guid":{"rendered":"https:\/\/www.hospex.ly\/%d8%a7%d8%ad%d8%ac%d8%b2-%d8%a7%d9%84%d9%b1%d9%86\/"},"modified":"2024-05-06T20:10:09","modified_gmt":"2024-05-06T20:10:09","slug":"book-now","status":"publish","type":"page","link":"https:\/\/www.hospex.ly\/en\/book-now\/","title":{"rendered":"Book now"},"content":{"rendered":"\t\t<div data-elementor-type=\"wp-post\" data-elementor-id=\"9269\" class=\"elementor elementor-9269\">\n\t\t\t\t\t\t<section class=\"elementor-section elementor-top-section elementor-element elementor-element-378af51 elementor-section-boxed elementor-section-height-default elementor-section-height-default wpr-particle-no wpr-jarallax-no wpr-parallax-no wpr-sticky-section-no\" data-id=\"378af51\" data-element_type=\"section\">\n\t\t\t\t\t\t<div class=\"elementor-container elementor-column-gap-default\">\n\t\t\t\t\t<div class=\"elementor-column elementor-col-100 elementor-top-column elementor-element elementor-element-114522c column-style-top\" data-id=\"114522c\" data-element_type=\"column\">\n\t\t\t<div class=\"elementor-widget-wrap elementor-element-populated\">\n\t\t\t\t\t\t<div class=\"elementor-element elementor-element-6842494 elementor-widget elementor-widget-gva-heading-block\" data-id=\"6842494\" data-element_type=\"widget\" data-widget_type=\"gva-heading-block.default\">\n\t\t\t\t<div class=\"elementor-widget-container\">\n\t\t\t<div class=\"gva-element-gva-heading-block gva-element\">   <div class=\"align-center style-1 widget gsc-heading\">\r\n      <div class=\"content-inner\">\r\n         \r\n                  \r\n                     <div class=\"sub-title\"><span>Book now<\/span><\/div>\r\n           \r\n         \r\n                     <h2 class=\"title\">\r\n               <span>The price per metre as per the following table:<\/span>\r\n            <\/h2>\r\n                  \r\n         \r\n      <\/div>\r\n   <\/div>\r\n   <div class=\"clearfix\"><\/div>\r\n<\/div>\t\t<\/div>\n\t\t\t\t<\/div>\n\t\t\t\t<div class=\"elementor-element elementor-element-ce0ea5d elementor-widget elementor-widget-text-editor\" data-id=\"ce0ea5d\" data-element_type=\"widget\" data-widget_type=\"text-editor.default\">\n\t\t\t\t<div class=\"elementor-widget-container\">\n\t\t\t\t\t\t\t<table><tbody><tr><td><p dir=\"ltr\">National Exhibitor<\/p><\/td><td><p dir=\"ltr\">400 LYD<\/p><\/td><\/tr><tr><td><p dir=\"ltr\">Agent Exhibitor<\/p><\/td><td><p dir=\"ltr\">450 LYD<\/p><\/td><\/tr><tr><td><p dir=\"ltr\">Foreign Exhibitor<\/p><\/td><td><p dir=\"ltr\">150 US Dollars ($)<\/p><\/td><\/tr><\/tbody><\/table>\t\t\t\t\t\t<\/div>\n\t\t\t\t<\/div>\n\t\t\t\t<section class=\"elementor-section elementor-inner-section elementor-element elementor-element-2584403 elementor-section-boxed elementor-section-height-default elementor-section-height-default wpr-particle-no wpr-jarallax-no wpr-parallax-no wpr-sticky-section-no\" data-id=\"2584403\" data-element_type=\"section\">\n\t\t\t\t\t\t<div class=\"elementor-container elementor-column-gap-default\">\n\t\t\t\t\t<div class=\"elementor-column elementor-col-33 elementor-inner-column elementor-element elementor-element-15fc5bc column-style-top\" data-id=\"15fc5bc\" data-element_type=\"column\">\n\t\t\t<div class=\"elementor-widget-wrap\">\n\t\t\t\t\t\t\t<\/div>\n\t\t<\/div>\n\t\t\t\t<div class=\"elementor-column elementor-col-33 elementor-inner-column elementor-element elementor-element-d9a2b86 column-style-top\" data-id=\"d9a2b86\" data-element_type=\"column\">\n\t\t\t<div class=\"elementor-widget-wrap elementor-element-populated\">\n\t\t\t\t\t\t<div class=\"elementor-element elementor-element-c8e0b06 elementor-widget elementor-widget-gva-icon-box-styles\" data-id=\"c8e0b06\" data-element_type=\"widget\" data-widget_type=\"gva-icon-box-styles.default\">\n\t\t\t\t<div class=\"elementor-widget-container\">\n\t\t\t<div class=\"gva-element-gva-icon-box-styles gva-element\">\r\n         <div class=\"widget gsc-icon-box-styles style-1\">\r\n         <div class=\"icon-box-top\">\r\n                           <div class=\"icon-inner\">\r\n                          <a href=\"https:\/\/www.hospex.ly\/wp-content\/uploads\/2024\/05\/Eng-Hospexfileok.pdf\" target=\"_blank\">\r\n                             <span class=\"box-icon\">\r\n                        <i aria-hidden=\"true\" class=\"fab fa-buffer\"><\/i>                     <\/span>\r\n                  <\/a>               <\/div>\r\n            \r\n                           <h3 class=\"title\">\r\n                          <a href=\"https:\/\/www.hospex.ly\/wp-content\/uploads\/2024\/05\/Eng-Hospexfileok.pdf\" target=\"_blank\">\r\n                             Exhibition file                  <\/a>               <\/h3>\r\n                     <\/div>   \r\n      <\/div> \r\n   \r\n   \r\n      \r\n\r\n\r\n<\/div>\t\t<\/div>\n\t\t\t\t<\/div>\n\t\t\t\t\t<\/div>\n\t\t<\/div>\n\t\t\t\t<div class=\"elementor-column elementor-col-33 elementor-inner-column elementor-element elementor-element-fa21a64 column-style-top\" data-id=\"fa21a64\" data-element_type=\"column\">\n\t\t\t<div class=\"elementor-widget-wrap\">\n\t\t\t\t\t\t\t<\/div>\n\t\t<\/div>\n\t\t\t\t\t<\/div>\n\t\t<\/section>\n\t\t\t\t\t<\/div>\n\t\t<\/div>\n\t\t\t\t\t<\/div>\n\t\t<\/section>\n\t\t\t\t<section class=\"elementor-section elementor-top-section elementor-element elementor-element-5950943 elementor-section-boxed elementor-section-height-default elementor-section-height-default wpr-particle-no wpr-jarallax-no wpr-parallax-no wpr-sticky-section-no\" data-id=\"5950943\" data-element_type=\"section\">\n\t\t\t\t\t\t<div class=\"elementor-container elementor-column-gap-default\">\n\t\t\t\t\t<div class=\"elementor-column elementor-col-100 elementor-top-column elementor-element elementor-element-f6ce7c3 column-style-top\" data-id=\"f6ce7c3\" data-element_type=\"column\">\n\t\t\t<div class=\"elementor-widget-wrap elementor-element-populated\">\n\t\t\t\t\t\t<div class=\"elementor-element elementor-element-ce15649 elementor-widget elementor-widget-shortcode\" data-id=\"ce15649\" data-element_type=\"widget\" data-widget_type=\"shortcode.default\">\n\t\t\t\t<div class=\"elementor-widget-container\">\n\t\t\t\t\t<div class=\"elementor-shortcode\">\n<div class=\"wpcf7 no-js\" id=\"wpcf7-f9341-o1\" lang=\"en-US\" dir=\"ltr\">\n<div class=\"screen-reader-response\"><p role=\"status\" aria-live=\"polite\" aria-atomic=\"true\"><\/p> <ul><\/ul><\/div>\n<form action=\"\/en\/wp-json\/wp\/v2\/pages\/9269#wpcf7-f9341-o1\" method=\"post\" class=\"wpcf7-form init\" aria-label=\"Contact form\" enctype=\"multipart\/form-data\" novalidate=\"novalidate\" data-status=\"init\">\n<div style=\"display: none;\">\n<input type=\"hidden\" name=\"_wpcf7\" value=\"9341\" \/>\n<input type=\"hidden\" name=\"_wpcf7_version\" value=\"5.9.3\" \/>\n<input type=\"hidden\" name=\"_wpcf7_locale\" value=\"en_US\" \/>\n<input type=\"hidden\" name=\"_wpcf7_unit_tag\" value=\"wpcf7-f9341-o1\" \/>\n<input type=\"hidden\" name=\"_wpcf7_container_post\" value=\"0\" \/>\n<input type=\"hidden\" name=\"_wpcf7_posted_data_hash\" value=\"\" \/>\n<input type=\"hidden\" name=\"_wpcf7_recaptcha_response\" value=\"\" \/>\n<\/div>\n<p><span class=\"wpcf7-form-control-wrap\" data-name=\"champDeFormulaire\"><input size=\"40\" class=\"wpcf7-form-control wpcf7-text\" id=\"champDeFormulaire\" aria-invalid=\"false\" value=\"idExtrait\" type=\"text\" name=\"champDeFormulaire\" \/><\/span><br \/>\n<script>\n \/\/ R\u00e9cup\u00e9rer l'URL de la page\n var url = window.location.href;\n\n \/\/ Trouver l'index du di\u00e8se (#)\n var indexDuDiese = url.indexOf(\"#\");\n\n \/\/ V\u00e9rifier si le di\u00e8se (#) a \u00e9t\u00e9 trouv\u00e9 dans l'URL\n if (indexDuDiese !== -1) {\n \/\/ Extraire l'ID apr\u00e8s le di\u00e8se (#)\n var idExtrait = url.substring(indexDuDiese + 1);\n\n \/\/ R\u00e9cup\u00e9rer le champ de formulaire par son ID\n var champDeFormulaire = document.getElementById(\"champDeFormulaire\");\n\n \/\/ Remplir le champ de formulaire avec l'ID extrait\n champDeFormulaire.value = idExtrait;\n }\n<\/script><br \/>\n<span class=\"wpcf7-form-control-wrap\" data-name=\"your-name\"><input size=\"40\" class=\"wpcf7-form-control wpcf7-text wpcf7-validates-as-required\" aria-required=\"true\" aria-invalid=\"false\" placeholder=\"COMPANY NAME\" value=\"\" type=\"text\" name=\"your-name\" \/><\/span><br \/>\n<span class=\"wpcf7-form-control-wrap\" data-name=\"your-nationality\"><input size=\"40\" class=\"wpcf7-form-control wpcf7-text wpcf7-validates-as-required\" aria-required=\"true\" aria-invalid=\"false\" placeholder=\"NATIONALITY\" value=\"\" type=\"text\" name=\"your-nationality\" \/><\/span><br \/>\n<span class=\"wpcf7-form-control-wrap\" data-name=\"your-agent\"><input size=\"40\" class=\"wpcf7-form-control wpcf7-text wpcf7-validates-as-required\" aria-required=\"true\" aria-invalid=\"false\" placeholder=\"AGENT NAME\" value=\"\" type=\"text\" name=\"your-agent\" \/><\/span><br \/>\n<span class=\"wpcf7-form-control-wrap\" data-name=\"your-person-contact\"><input size=\"40\" class=\"wpcf7-form-control wpcf7-text wpcf7-validates-as-required\" aria-required=\"true\" aria-invalid=\"false\" placeholder=\"CONTACT PERSON\" value=\"\" type=\"text\" name=\"your-person-contact\" \/><\/span><br \/>\n<span class=\"wpcf7-form-control-wrap\" data-name=\"your-adjective\"><input size=\"40\" class=\"wpcf7-form-control wpcf7-text wpcf7-validates-as-required\" aria-required=\"true\" aria-invalid=\"false\" placeholder=\"POSITION\" value=\"\" type=\"text\" name=\"your-adjective\" \/><\/span><br \/>\n<span class=\"wpcf7-form-control-wrap\" data-name=\"your-adresse\"><input size=\"40\" class=\"wpcf7-form-control wpcf7-text wpcf7-validates-as-required\" aria-required=\"true\" aria-invalid=\"false\" placeholder=\"ADDRESS\" value=\"\" type=\"text\" name=\"your-adresse\" \/><\/span><br \/>\n<span class=\"wpcf7-form-control-wrap\" data-name=\"your-country\"><input size=\"40\" class=\"wpcf7-form-control wpcf7-text wpcf7-validates-as-required\" aria-required=\"true\" aria-invalid=\"false\" placeholder=\"COUNTRY: CITY\" value=\"\" type=\"text\" name=\"your-country\" \/><\/span><br \/>\n<span class=\"wpcf7-form-control-wrap\" data-name=\"your-tel\"><input size=\"40\" class=\"wpcf7-form-control wpcf7-tel wpcf7-validates-as-required wpcf7-text wpcf7-validates-as-tel\" aria-required=\"true\" aria-invalid=\"false\" placeholder=\"Phone\" value=\"\" type=\"tel\" name=\"your-tel\" \/><\/span><br \/>\n<span class=\"wpcf7-form-control-wrap\" data-name=\"your-email\"><input size=\"40\" class=\"wpcf7-form-control wpcf7-email wpcf7-validates-as-required wpcf7-text wpcf7-validates-as-email\" aria-required=\"true\" aria-invalid=\"false\" placeholder=\"E-mail\" value=\"\" type=\"email\" name=\"your-email\" \/><\/span><br \/>\n<span class=\"wpcf7-form-control-wrap\" data-name=\"url-web\"><input size=\"40\" class=\"wpcf7-form-control wpcf7-text\" aria-invalid=\"false\" value=\"Website\" type=\"text\" name=\"url-web\" \/><\/span><br \/>\n<span>Type to participation <span class=\"wpcf7-form-control-wrap\" data-name=\"post-type\"><span class=\"wpcf7-form-control wpcf7-checkbox wpcf7-validates-as-required\"><span class=\"wpcf7-list-item first\"><label><span class=\"wpcf7-list-item-label\">Sponsor<\/span><input type=\"checkbox\" name=\"post-type[]\" value=\"Sponsor\" \/><\/label><\/span><span class=\"wpcf7-list-item last\"><label><span class=\"wpcf7-list-item-label\">Exhibitor<\/span><input type=\"checkbox\" name=\"post-type[]\" value=\"Exhibitor\" \/><\/label><\/span><\/span><\/span><\/span><br \/>\n<span style=\"float: right; width: 100%;\">Download the company logo PNG OR PDF: <span class=\"wpcf7-form-control-wrap\" data-name=\"photo\"><input size=\"40\" class=\"wpcf7-form-control wpcf7-file\" accept=\".jpg,.jpeg,.png,.gif,.pdf\" aria-invalid=\"false\" type=\"file\" name=\"photo\" \/><\/span><\/span><br \/>\n<span class=\"wpcf7-form-control-wrap recaptcha\"><span data-sitekey=\"6LcBJ8gpAAAAACiXFipuzUlowA-tzyBv58twbQnM\" class=\"wpcf7-form-control wpcf7-recaptcha g-recaptcha\"><\/span>\n<noscript>\n\t<div class=\"grecaptcha-noscript\">\n\t\t<iframe src=\"https:\/\/www.google.com\/recaptcha\/api\/fallback?k=6LcBJ8gpAAAAACiXFipuzUlowA-tzyBv58twbQnM\" frameborder=\"0\" scrolling=\"no\" width=\"310\" height=\"430\">\n\t\t<\/iframe>\n\t\t<textarea name=\"g-recaptcha-response\" rows=\"3\" cols=\"40\" placeholder=\"reCaptcha Response Here\">\n\t\t<\/textarea>\n\t<\/div>\n<\/noscript>\n<\/span><br \/>\n<input class=\"wpcf7-form-control wpcf7-submit has-spinner\" type=\"submit\" value=\"Send\" \/>\n<\/p><div class=\"wpcf7-response-output\" aria-hidden=\"true\"><\/div>\n<\/form>\n<\/div>\n<\/div>\n\t\t\t\t<\/div>\n\t\t\t\t<\/div>\n\t\t\t\t\t<\/div>\n\t\t<\/div>\n\t\t\t\t\t<\/div>\n\t\t<\/section>\n\t\t\t\t<\/div>\n\t\t","protected":false},"excerpt":{"rendered":"<p>Book now The price per metre as per the following table: National Exhibitor 400 LYD Agent Exhibitor 450 LYD Foreign Exhibitor 150 US Dollars ($) Exhibition file<\/p>\n","protected":false},"author":1,"featured_media":0,"parent":0,"menu_order":0,"comment_status":"closed","ping_status":"closed","template":"","meta":{"footnotes":""},"class_list":["post-9269","page","type-page","status-publish","hentry"],"yoast_head":"<!-- This site is optimized with the Yoast SEO plugin v23.0 - https:\/\/yoast.com\/wordpress\/plugins\/seo\/ -->\n<title>Book now | HOSPEX<\/title>\n<meta name=\"description\" content=\"Book now The price per metre as per the following table: National Exhibitor400 LYDAgent Exhibitor450 LYDForeign Exhibitor150 US Dollars ($) Exhibition\" \/>\n<meta name=\"robots\" content=\"index, follow, max-snippet:-1, max-image-preview:large, max-video-preview:-1\" \/>\n<link rel=\"canonical\" href=\"https:\/\/www.hospex.ly\/en\/book-now\/\" \/>\n<meta property=\"og:locale\" content=\"en_US\" \/>\n<meta property=\"og:type\" content=\"article\" \/>\n<meta property=\"og:title\" content=\"Book now | HOSPEX\" \/>\n<meta property=\"og:description\" content=\"Book now The price per metre as per the following table: National Exhibitor400 LYDAgent Exhibitor450 LYDForeign Exhibitor150 US Dollars ($) Exhibition\" \/>\n<meta property=\"og:url\" content=\"https:\/\/www.hospex.ly\/en\/book-now\/\" \/>\n<meta property=\"og:site_name\" content=\"HOSPEX\" \/>\n<meta property=\"article:modified_time\" content=\"2024-05-06T20:10:09+00:00\" \/>\n<meta name=\"twitter:card\" content=\"summary_large_image\" \/>\n<script type=\"application\/ld+json\" class=\"yoast-schema-graph\">{\"@context\":\"https:\/\/schema.org\",\"@graph\":[{\"@type\":\"WebPage\",\"@id\":\"https:\/\/www.hospex.ly\/en\/book-now\/\",\"url\":\"https:\/\/www.hospex.ly\/en\/book-now\/\",\"name\":\"Book now | HOSPEX\",\"isPartOf\":{\"@id\":\"https:\/\/www.hospex.ly\/#website\"},\"datePublished\":\"2024-05-03T08:25:17+00:00\",\"dateModified\":\"2024-05-06T20:10:09+00:00\",\"description\":\"Book now The price per metre as per the following table: National Exhibitor400 LYDAgent Exhibitor450 LYDForeign Exhibitor150 US Dollars ($) Exhibition\",\"breadcrumb\":{\"@id\":\"https:\/\/www.hospex.ly\/en\/book-now\/#breadcrumb\"},\"inLanguage\":\"en-US\",\"potentialAction\":[{\"@type\":\"ReadAction\",\"target\":[\"https:\/\/www.hospex.ly\/en\/book-now\/\"]}]},{\"@type\":\"BreadcrumbList\",\"@id\":\"https:\/\/www.hospex.ly\/en\/book-now\/#breadcrumb\",\"itemListElement\":[{\"@type\":\"ListItem\",\"position\":1,\"name\":\"Accueil\",\"item\":\"https:\/\/www.hospex.ly\/en\/\"},{\"@type\":\"ListItem\",\"position\":2,\"name\":\"Book now\"}]},{\"@type\":\"WebSite\",\"@id\":\"https:\/\/www.hospex.ly\/#website\",\"url\":\"https:\/\/www.hospex.ly\/\",\"name\":\"HOSPEX\",\"description\":\"\u0627\u0644\u0645\u0646\u062a\u062f\u0649 \u0648\u0627\u0644\u0645\u0639\u0631\u0636 \u0627\u0644\u062f\u0648\u0644\u064a \u0627\u0644\u0623\u0648\u0644 \u0644\u0644\u0636\u064a\u0627\u0641\u0629 \u0648\u062a\u062c\u0647\u064a\u0632\u0627\u062a\u0647\u0627\",\"potentialAction\":[{\"@type\":\"SearchAction\",\"target\":{\"@type\":\"EntryPoint\",\"urlTemplate\":\"https:\/\/www.hospex.ly\/?s={search_term_string}\"},\"query-input\":\"required name=search_term_string\"}],\"inLanguage\":\"en-US\"}]}<\/script>\n<!-- \/ Yoast SEO plugin. -->","yoast_head_json":{"title":"Book now | HOSPEX","description":"Book now The price per metre as per the following table: National Exhibitor400 LYDAgent Exhibitor450 LYDForeign Exhibitor150 US Dollars ($) Exhibition","robots":{"index":"index","follow":"follow","max-snippet":"max-snippet:-1","max-image-preview":"max-image-preview:large","max-video-preview":"max-video-preview:-1"},"canonical":"https:\/\/www.hospex.ly\/en\/book-now\/","og_locale":"en_US","og_type":"article","og_title":"Book now | HOSPEX","og_description":"Book now The price per metre as per the following table: National Exhibitor400 LYDAgent Exhibitor450 LYDForeign Exhibitor150 US Dollars ($) Exhibition","og_url":"https:\/\/www.hospex.ly\/en\/book-now\/","og_site_name":"HOSPEX","article_modified_time":"2024-05-06T20:10:09+00:00","twitter_card":"summary_large_image","schema":{"@context":"https:\/\/schema.org","@graph":[{"@type":"WebPage","@id":"https:\/\/www.hospex.ly\/en\/book-now\/","url":"https:\/\/www.hospex.ly\/en\/book-now\/","name":"Book now | HOSPEX","isPartOf":{"@id":"https:\/\/www.hospex.ly\/#website"},"datePublished":"2024-05-03T08:25:17+00:00","dateModified":"2024-05-06T20:10:09+00:00","description":"Book now The price per metre as per the following table: National Exhibitor400 LYDAgent Exhibitor450 LYDForeign Exhibitor150 US Dollars ($) Exhibition","breadcrumb":{"@id":"https:\/\/www.hospex.ly\/en\/book-now\/#breadcrumb"},"inLanguage":"en-US","potentialAction":[{"@type":"ReadAction","target":["https:\/\/www.hospex.ly\/en\/book-now\/"]}]},{"@type":"BreadcrumbList","@id":"https:\/\/www.hospex.ly\/en\/book-now\/#breadcrumb","itemListElement":[{"@type":"ListItem","position":1,"name":"Accueil","item":"https:\/\/www.hospex.ly\/en\/"},{"@type":"ListItem","position":2,"name":"Book now"}]},{"@type":"WebSite","@id":"https:\/\/www.hospex.ly\/#website","url":"https:\/\/www.hospex.ly\/","name":"HOSPEX","description":"\u0627\u0644\u0645\u0646\u062a\u062f\u0649 \u0648\u0627\u0644\u0645\u0639\u0631\u0636 \u0627\u0644\u062f\u0648\u0644\u064a \u0627\u0644\u0623\u0648\u0644 \u0644\u0644\u0636\u064a\u0627\u0641\u0629 \u0648\u062a\u062c\u0647\u064a\u0632\u0627\u062a\u0647\u0627","potentialAction":[{"@type":"SearchAction","target":{"@type":"EntryPoint","urlTemplate":"https:\/\/www.hospex.ly\/?s={search_term_string}"},"query-input":"required name=search_term_string"}],"inLanguage":"en-US"}]}},"_links":{"self":[{"href":"https:\/\/www.hospex.ly\/en\/wp-json\/wp\/v2\/pages\/9269","targetHints":{"allow":["GET"]}}],"collection":[{"href":"https:\/\/www.hospex.ly\/en\/wp-json\/wp\/v2\/pages"}],"about":[{"href":"https:\/\/www.hospex.ly\/en\/wp-json\/wp\/v2\/types\/page"}],"author":[{"embeddable":true,"href":"https:\/\/www.hospex.ly\/en\/wp-json\/wp\/v2\/users\/1"}],"replies":[{"embeddable":true,"href":"https:\/\/www.hospex.ly\/en\/wp-json\/wp\/v2\/comments?post=9269"}],"version-history":[{"count":22,"href":"https:\/\/www.hospex.ly\/en\/wp-json\/wp\/v2\/pages\/9269\/revisions"}],"predecessor-version":[{"id":9435,"href":"https:\/\/www.hospex.ly\/en\/wp-json\/wp\/v2\/pages\/9269\/revisions\/9435"}],"wp:attachment":[{"href":"https:\/\/www.hospex.ly\/en\/wp-json\/wp\/v2\/media?parent=9269"}],"curies":[{"name":"wp","href":"https:\/\/api.w.org\/{rel}","templated":true}]}}